{"id":6,"date":"2020-02-15T15:20:48","date_gmt":"2020-02-15T12:20:48","guid":{"rendered":"http:\/\/multicode.com.tr\/wordpress\/?page_id=6"},"modified":"2022-01-29T13:28:57","modified_gmt":"2022-01-29T10:28:57","slug":"materialis","status":"publish","type":"page","link":"https:\/\/multicode.com.tr\/","title":{"rendered":"Front Page"},"content":{"rendered":"<div  id=\"hizmetler\" style=\"background-color: #f5fafd;\" data-label=\"hizmetler\" data-id=\"overlappable-5-materialis\" data-export-id=\"overlappable-5-materialis\" data-category=\"overlappable\" class=\"overlappable-5-materialis content-section content-section-spacing-large\" data-overlap=\"true\"><div  class=\"gridContainer\"> <div  data-type=\"row\" class=\"row spaced-cols center-sm content-center-sm\"><div  class=\"col-xs-12 col-sm-6 col-md-4 \"> <div  class=\"card mdc-elevation--z3 row-card\"> <div  class=\"row\"> <div  class=\"col-xs-12 col-sm-fit icon-col\" data-fixed=\"true\"> <i  class=\"color1 icon mdi mdi-blur reverse round big\"><\/i><\/div> <div  class=\"col-xs-12 col-sm\" data-type=\"column\"><h4  class=\"color-black\">Yapay Zeka Destekli Sistemler<\/h4> <p  class=\"\">Bilgisayar \u00f6\u011frenmesi, kategorilendirme ve \u00f6\u011frenme algoritmalar\u0131 uygulamalar\u0131<\/p><\/div> <\/div><\/div> <\/div><div  class=\"col-xs-12 col-sm-6 col-md-4\"> <div  class=\"card mdc-elevation--z3 row-card\"><div  class=\"row\"> <div  class=\"col-xs-12 col-sm-fit icon-col\" data-fixed=\"true\"><i  class=\"color1 icon mdi mdi-web reverse round big\"><\/i><\/div> <div  class=\"col-xs-12 col-sm\" data-type=\"column\"><h4  class=\"color-black\">Web Tabanl\u0131 Uygulama \u00c7\u00f6z\u00fcmleri<\/h4> <p  class=\"\">Web Servisleri ve Uygulamalar\u0131<\/p><\/div> <\/div><\/div> <\/div><div  class=\"col-xs-12 col-sm-6 col-md-4 \"> <div  class=\"card mdc-elevation--z3 row-card\"><div  class=\"row\"> <div  class=\"col-xs-12 col-sm-fit icon-col\" data-fixed=\"true\"><i  class=\"color1 icon mdi mdi-responsive reverse round big\"><\/i><\/div> <div  class=\"col-xs-12 col-sm\" data-type=\"column\"><h4  class=\"color-black\">\u00c7ok Ortaml\u0131 Uygulamalar<\/h4> <p  class=\"\">Mobil, masa\u00fcst\u00fc ve web uyumlu esnek uygulamalar.<\/p><\/div> <\/div><\/div> <\/div> <div  class=\"col-xs-12 col-sm-6 col-md-4 \"> <div  class=\"card mdc-elevation--z3 row-card\"> <div  class=\"row\"> <div  class=\"col-xs-12 col-sm-fit icon-col\" data-fixed=\"true\"> <i  class=\"color1 icon mdi mdi-database reverse round big\"><\/i><\/div> <div  class=\"col-xs-12 col-sm\" data-type=\"column\"><h4  class=\"color-black\">Veritaban\u0131 Dan\u0131\u015fmanl\u0131\u011f\u0131<\/h4> <p  class=\"\">Oracle, MySql , Postgresql ve MongoDb Dan\u0131\u015fmanl\u0131\u011f\u0131<\/p><\/div> <\/div><\/div> <\/div> <\/div> <\/div><\/div><div  data-label=\"About\" data-id=\"about--3\" data-export-id=\"about-4\" data-category=\"about\" class=\"about-4 content-section content-section-spacing-large\" id=\"hakkimizda\" style=\"background-color: rgb(245, 250, 253);\"><div  class=\"gridContainer\"> <div  class=\"row middle-sm text-center\"><div  class=\"col-sm-5 space-bottom-xs\" data-type=\"column\"> <h5  class=\"\">MULTICODE<\/h5> <h2  class=\"\">H\u0131zl\u0131 ve Profesyonel \u00c7\u00f6z\u00fcmler Sunar<\/h2> <p  class=\"\">Web ve Mobil tabanl\u0131 \u00e7\u00f6z\u00fcmler, Ak\u0131ll\u0131 sistemler ve Yapay Zeka destekli sistemler \u00fczerine tecr\u00fcbeli uzman ekibimizle ihtiyac\u0131n\u0131za y\u00f6nelik \u00f6zel \u00e7\u00f6z\u00fcmler sunuyoruz. Ayn\u0131 zamanda Oracle EBS , EBS geli\u015ftirme ara\u00e7lar\u0131 ve Database dan\u0131\u015fmanl\u0131\u011f\u0131 veriyoruz.<\/p> <a class=\"button big color1 mdc-ripple-upgraded\" href=\"#iletisim\" target=\"_self\" data-cp-link=\"1\" rel=\"noopener noreferrer\">\u0130leti\u015fime ge\u00e7in<\/a><\/div> <div  class=\"col-sm-7 flexbox center-xs middle-xs image-group-2-img padding-top-bottom\"> <img  class=\"img-1 rounded mdc-elevation--z10\" data-size=\"250x200\" src=\"http:\/\/multicode.com.tr\/wp-content\/plugins\/materialis-companion\/theme-data\/materialis\/sections\/images\/apple-1838564.jpg\"> <img  class=\"img-2 rounded mdc-elevation--z10\" data-size=\"220x170\" src=\"http:\/\/multicode.com.tr\/wp-content\/plugins\/materialis-companion\/theme-data\/materialis\/sections\/images\/computer-2569652.jpg\"><\/div> <\/div><\/div> <\/div><!-- CloudPress Companion Preview Data START --><!-- CloudPress Companion Preview Data START --><div  data-label=\"references\" data-id=\"clients--1\" data-export-id=\"clients-2\" data-category=\"clients\" class=\"clients-2 content-section content-section-spacing-large\" id=\"references\" style=\"background-color: rgb(255, 255, 255); background-image: none;\"><div  class=\"gridContainer\"> <div  class=\"row\"><div  class=\"section-title-col\" data-type=\"column\"> <h2  class=\"font-700\">Referanslar\u0131m\u0131z &amp; \u0130\u015f Ortaklar\u0131m\u0131z&nbsp;<\/h2> <p  class=\"lead\">Do\u011fru \u00e7\u00f6z\u00fcmler fark yarat\u0131r.<\/p><\/div> <\/div> <div  class=\"row center-xs spaced-cols middle-sm\" data-type=\"row\"> <div  class=\"col-xs-6 col-sm-3 col-md-3\"> <img  src=\"http:\/\/multicode.com.tr\/wp-content\/uploads\/2020\/12\/allianz.png\" class=\"\"><\/div> <div  class=\"col-xs-6 col-sm-3 col-md-3\"> <img  src=\"http:\/\/multicode.com.tr\/wp-content\/uploads\/2020\/12\/TURKCELL_YATAY_ERKEK_LOGO.jpg\" class=\"\"><\/div><div  class=\"col-xs-6 col-sm-3 col-md-3\"><img  class=\"custom-image\" src=\"http:\/\/multicode.com.tr\/wp-content\/uploads\/2020\/12\/\u0130ninal-Kart.png\"> <\/div> <div  class=\"col-xs-6 col-sm-3 col-md-3\"> <img  src=\"http:\/\/multicode.com.tr\/wp-content\/uploads\/2020\/12\/Koctas_logo.png\" class=\"\"><\/div><div  class=\"col-xs-6 col-sm-3 col-md-3\"> <img  src=\"http:\/\/multicode.com.tr\/wp-content\/uploads\/2020\/12\/altar_grup.jpeg\" class=\"\"><\/div><div  class=\"col-xs-6 col-sm-3 col-md-3\"> <img  src=\"http:\/\/multicode.com.tr\/wp-content\/uploads\/2020\/12\/Obase-_-25years-Logo.png\" class=\"\"><\/div> <div  class=\"col-xs-6 col-sm-3 col-md-3\"> <img  src=\"http:\/\/multicode.com.tr\/wp-content\/uploads\/2020\/12\/patika-logo.png\" class=\"\"><\/div> <\/div><\/div> <\/div><!-- CloudPress Companion Preview Data START --><div  id=\"urunler\" style=\"background-color: #f5fafd;\" data-label=\"Urunler\" data-id=\"portfolio-1-materialis\" data-export-id=\"portfolio-1-materialis\" data-category=\"portfolio\" class=\"portfolio-1m content-section\"><div > <div  class=\"row text-center\" data-type=\"row\" data-fixed=\"true\"><div  class=\"col-md-4 col-sm-6 col-xs-12 no-gutter-col\"> <div  class=\"contentswap-effect contentswap-overlay\" data-hover-fx=\"portfolio-1\" style=\"float: none; margin: 0px; width: 100%;\"><div  class=\"initial-image\" style=\"float: none; margin: 0px;\"> <img  data-size=\"600x354\" src=\"http:\/\/multicode.com.tr\/wp-content\/plugins\/materialis-companion\/theme-data\/materialis\/sections\/images\/image-1.png\"><\/div> <div  class=\"overlay bg-color-black\" style=\"display: block; transition: opacity 800ms ease 0s; -webkit-transition-timing-function: ease; -moz-transition-timing-function: ease; -o-transition-timing-function: ease; transition-timing-function: ease;\"><\/div> <div  class=\"swap-inner col-xs-12\" style=\"display: block; transition: all 800ms ease 0s; background-color: rgba(0, 0, 0, 0); margin-top: 0px;\"> <div  class=\"row full-height-row middle-xs\"> <div  class=\"col-xs-12 text-center white-text\"> <h4  class=\"font-500\">SmartLabeller<\/h4> <a class=\"button color-white mdc-ripple-upgraded\" href=\"#\" target=\"_self\" data-cp-link=\"1\" rel=\"noopener noreferrer\">Projeyi G\u00f6ster<\/a><\/div> <\/div><\/div> <\/div><\/div> <div  class=\"col-md-4 col-sm-6 col-xs-12 no-gutter-col\"><div  class=\"contentswap-effect contentswap-overlay\" data-hover-fx=\"portfolio-1\" style=\"float: none; margin: 0px; width: 100%;\"> <div  class=\"initial-image\" style=\"float: none; margin: 0px;\"> <img  data-size=\"600x354\" src=\"http:\/\/multicode.com.tr\/wp-content\/plugins\/materialis-companion\/theme-data\/materialis\/sections\/images\/image-2.png\"><\/div> <div  class=\"overlay bg-color-black\" style=\"display: block; transition: opacity 800ms ease 0s; -webkit-transition-timing-function: ease; -moz-transition-timing-function: ease; -o-transition-timing-function: ease; transition-timing-function: ease;\"><\/div> <div  class=\"swap-inner col-xs-12\" style=\"display: block; transition: all 800ms ease 0s; background-color: rgba(0, 0, 0, 0); margin-top: 0px;\"> <div  class=\"row full-height-row middle-xs\"> <div  class=\"col-xs-12 text-center white-text\"> <h4  class=\"font-500\">MultiHR Platform<\/h4> <a class=\"button color-white mdc-ripple-upgraded\" href=\"#\" target=\"_self\" data-cp-link=\"1\" rel=\"noopener noreferrer\">Projeyi G\u00f6ster<\/a><\/div> <\/div><\/div> <\/div><\/div>        <div  class=\"col-md-4 col-sm-6 col-xs-12 no-gutter-col\"> <div  class=\"contentswap-effect contentswap-overlay\" data-hover-fx=\"portfolio-1\" style=\"float: none; margin: 0px; width: 100%;\"><div  class=\"initial-image\" style=\"float: none; margin: 0px;\"> <img  data-size=\"600x354\" src=\"http:\/\/multicode.com.tr\/wp-content\/plugins\/materialis-companion\/theme-data\/materialis\/sections\/images\/image-1.png\"><\/div> <div  class=\"overlay bg-color-black\" style=\"display: block; transition: opacity 800ms ease 0s; -webkit-transition-timing-function: ease; -moz-transition-timing-function: ease; -o-transition-timing-function: ease; transition-timing-function: ease;\"><\/div> <div  class=\"swap-inner col-xs-12\" style=\"display: block; transition: all 800ms ease 0s; background-color: rgba(0, 0, 0, 0); margin-top: 0px;\"> <div  class=\"row full-height-row middle-xs\"> <div  class=\"col-xs-12 text-center white-text\"> <h4  class=\"font-500\">Laboratory Management Application<\/h4> <a class=\"button color-white mdc-ripple-upgraded\" href=\"#\" target=\"_self\" data-cp-link=\"1\" rel=\"noopener noreferrer\">Projeyi G\u00f6ster<\/a><\/div> <\/div><\/div> <\/div><\/div><\/div><\/div> <\/div><div  id=\"iletisim\" data-label=\"iletisim\" data-id=\"contact-1\" data-export-id=\"contact-1\" data-category=\"contact\" class=\"contact-1 content-section content-section-spacing-large content-relative white-text\" data-parallax-depth=\"20\"><div  class=\"gridContainer\"> <div  class=\"row text-center\"><div  class=\"section-title-col\" data-type=\"column\"> <h2  class=\"\">Bize Ula\u015f\u0131n<\/h2> <p  class=\"lead\">MULTICODE B\u0130LG\u0130 S\u0130STEMLER\u0130 VE DANI\u015eMANLIK H\u0130ZMETLER\u0130&nbsp;\n<br >ATA\u015eEH\u0130R \/ \u0130STANBUL<\/p><\/div> <\/div> <div  class=\"row text-center\"> <div  class=\"col-xs-12 col-sm-8 col-sm-offset-2 contact-form-wrapper inline-info\"> <div  class=\"card mdc-elevation--z3 col-padding-top\"> <div  class=\"dark-text\" data-content-shortcode=\"materialis_contact_form shortcode=&quot;contact-form-7 id=&amp;amp;quot;8&amp;amp;quot; title=&amp;amp;quot;\u0130leti\u015fim formu 1&amp;amp;quot;&quot;\" data-editable=\"true\"><div role=\"form\" class=\"wpcf7\" id=\"wpcf7-f8-o1\" lang=\"tr-TR\" dir=\"ltr\">\n<div class=\"screen-reader-response\"><p role=\"status\" aria-live=\"polite\" aria-atomic=\"true\"><\/p> <ul><\/ul><\/div>\n<form action=\"\/index.php?rest_route=%2Fwp%2Fv2%2Fpages%2F6#wpcf7-f8-o1\" method=\"post\" class=\"wpcf7-form init\" novalidate=\"novalidate\" data-status=\"init\">\n<div style=\"display: none;\">\n<input type=\"hidden\" name=\"_wpcf7\" value=\"8\" \/>\n<input type=\"hidden\" name=\"_wpcf7_version\" value=\"5.5.5\" \/>\n<input type=\"hidden\" name=\"_wpcf7_locale\" value=\"tr_TR\" \/>\n<input type=\"hidden\" name=\"_wpcf7_unit_tag\" value=\"wpcf7-f8-o1\" \/>\n<input type=\"hidden\" name=\"_wpcf7_container_post\" value=\"0\" \/>\n<input type=\"hidden\" name=\"_wpcf7_posted_data_hash\" value=\"\" \/>\n<input type=\"hidden\" name=\"_wpcf7_recaptcha_response\" value=\"\" \/>\n<\/div>\n<p><label> Ad\u0131n\u0131z (gerekli)<br \/>\n    <span class=\"wpcf7-form-control-wrap your-name\"><input type=\"text\" name=\"your-name\" value=\"\" size=\"40\" class=\"wpcf7-form-control wpcf7-text wpcf7-validates-as-required\" aria-required=\"true\" aria-invalid=\"false\" \/><\/span> <\/label><\/p>\n<p><label> E-posta adresiniz (gerekli)<br \/>\n    <span class=\"wpcf7-form-control-wrap your-email\"><input type=\"email\" name=\"your-email\" value=\"\" size=\"40\" class=\"wpcf7-form-control wpcf7-text wpcf7-email wpcf7-validates-as-required wpcf7-validates-as-email\" aria-required=\"true\" aria-invalid=\"false\" \/><\/span> <\/label><\/p>\n<p><label> Konu<br \/>\n    <span class=\"wpcf7-form-control-wrap your-subject\"><input type=\"text\" name=\"your-subject\" value=\"\" size=\"40\" class=\"wpcf7-form-control wpcf7-text\" aria-invalid=\"false\" \/><\/span> <\/label><\/p>\n<p><label> \u0130letiniz<br \/>\n    <span class=\"wpcf7-form-control-wrap your-message\"><textarea name=\"your-message\" cols=\"40\" rows=\"10\" class=\"wpcf7-form-control wpcf7-textarea\" aria-invalid=\"false\"><\/textarea><\/span> <\/label><\/p>\n<span class=\"wpcf7-form-control-wrap recaptcha\"><span data-sitekey=\"6LcbZIseAAAAAMSstl7wpK8nZWKSe1rYwqOnTtPe\" class=\"wpcf7-form-control g-recaptcha wpcf7-recaptcha\"><\/span>\r\n<noscript>\r\n\t<div class=\"grecaptcha-noscript\">\r\n\t\t<iframe src=\"https:\/\/www.google.com\/recaptcha\/api\/fallback?k=6LcbZIseAAAAAMSstl7wpK8nZWKSe1rYwqOnTtPe\" frameborder=\"0\" scrolling=\"no\" width=\"310\" height=\"430\">\r\n\t\t<\/iframe>\r\n\t\t<textarea name=\"g-recaptcha-response\" rows=\"3\" cols=\"40\" placeholder=\"reCaptcha Response Here\">\r\n\t\t<\/textarea>\r\n\t<\/div>\r\n<\/noscript>\r\n<\/span>\n<p><input type=\"submit\" value=\"G\u00f6nder\" class=\"wpcf7-form-control has-spinner wpcf7-submit\" \/><\/p>\n<p style=\"display: none !important;\"><label>&#916;<textarea name=\"_wpcf7_ak_hp_textarea\" cols=\"45\" rows=\"8\" maxlength=\"100\"><\/textarea><\/label><input type=\"hidden\" id=\"ak_js_1\" name=\"_wpcf7_ak_js\" value=\"196\"\/><script>document.getElementById( \"ak_js_1\" ).setAttribute( \"value\", ( new Date() ).getTime() );<\/script><\/p><div class=\"wpcf7-response-output\" aria-hidden=\"true\"><\/div><\/form><\/div><\/div><\/div> <\/div><\/div> <\/div><\/div>","protected":false},"excerpt":{"rendered":"","protected":false},"author":1,"featured_media":0,"parent":0,"menu_order":0,"comment_status":"closed","ping_status":"closed","template":"page-templates\/homepage.php","meta":[],"_links":{"self":[{"href":"https:\/\/multicode.com.tr\/index.php?rest_route=\/wp\/v2\/pages\/6"}],"collection":[{"href":"https:\/\/multicode.com.tr\/index.php?rest_route=\/wp\/v2\/pages"}],"about":[{"href":"https:\/\/multicode.com.tr\/index.php?rest_route=\/wp\/v2\/types\/page"}],"author":[{"embeddable":true,"href":"https:\/\/multicode.com.tr\/index.php?rest_route=\/wp\/v2\/users\/1"}],"replies":[{"embeddable":true,"href":"https:\/\/multicode.com.tr\/index.php?rest_route=%2Fwp%2Fv2%2Fcomments&post=6"}],"version-history":[{"count":22,"href":"https:\/\/multicode.com.tr\/index.php?rest_route=\/wp\/v2\/pages\/6\/revisions"}],"predecessor-version":[{"id":269,"href":"https:\/\/multicode.com.tr\/index.php?rest_route=\/wp\/v2\/pages\/6\/revisions\/269"}],"wp:attachment":[{"href":"https:\/\/multicode.com.tr\/index.php?rest_route=%2Fwp%2Fv2%2Fmedia&parent=6"}],"curies":[{"name":"wp","href":"https:\/\/api.w.org\/{rel}","templated":true}]}}